{"id":3212,"date":"2025-06-02T14:26:23","date_gmt":"2025-06-02T12:26:23","guid":{"rendered":"https:\/\/umeleckecrevo.sng.sk\/?page_id=3212"},"modified":"2025-06-06T10:33:55","modified_gmt":"2025-06-06T08:33:55","slug":"referencie","status":"publish","type":"page","link":"https:\/\/umeleckecrevo.sng.sk\/?page_id=3212","title":{"rendered":"Referencie"},"content":{"rendered":"<p>S \u010crevom sa pomali\u010dky l\u00fa\u010dime aj spom\u00ednan\u00edm s \u010dlenmi a \u010dlenkami v\u00ed\u0165azn\u00fdch t\u00edmov po\u010das 9. rokov fungovania vzdel\u00e1vacej platformy. Sme rady, \u017ee zanechalo stopu!<!--more--><\/p>\n\t\t<div style=\"clear:both\"><\/div>\n\t\t<div class=\"psgal_wrap\">\n\t\t\t<div id=\"psgal_3212_1\" data-psgal_id=\"3212_1\" data-psgal_container_id=\"container_3212_1\" data-psgal_thumbnail_width=\"150\" data-psgal_use_masonary=\"0\" class=\"psgal-inline psgal gallery-columns-3 gallery-size-thumbnail use_masonry_ show_captions_1\" itemscope itemtype=\"http:\/\/schema.org\/ImageGallery\">\n\t\t\t\t\t\t\t\t\t\t<figure class=\"msnry_items\" itemscope itemtype=\"http:\/\/schema.org\/ImageObject\" style=\"width:150px;\">\n\t\t\t\t\t\t\t<a href=\"https:\/\/umeleckecrevo.sng.sk\/wp-content\/uploads\/sites\/3\/2025\/06\/P1_SLIDE2-1800x2250.png\" itemprop=\"contentUrl\" data-size=\"1800x2250\" data-caption=\"\" style=\"height:175px;\">\n\t\t\t\t\t\t\t\t<img class=\"msnry_thumb\" src=\"https:\/\/umeleckecrevo.sng.sk\/wp-content\/uploads\/sites\/3\/2025\/06\/P1_SLIDE2-240x300.png\" itemprop=\"thumbnail\" alt=\"\" \/>\n\t\t\t\t\t\t\t<\/a>\n\t\t\t\t\t\t\t\t\t\t\t\t\t\t<figcaption class=\"photoswipe-gallery-caption\" style=\" \"><\/figcaption>\n\n\t\t\t\t\t\t<\/figure>\n\t\t\t\t\t\t\t\t\t\t<figure class=\"msnry_items\" itemscope itemtype=\"http:\/\/schema.org\/ImageObject\" style=\"width:150px;\">\n\t\t\t\t\t\t\t<a href=\"https:\/\/umeleckecrevo.sng.sk\/wp-content\/uploads\/sites\/3\/2025\/06\/P1_SLIDE3-1800x2250.png\" itemprop=\"contentUrl\" data-size=\"1800x2250\" data-caption=\"\" style=\"height:175px;\">\n\t\t\t\t\t\t\t\t<img class=\"msnry_thumb\" src=\"https:\/\/umeleckecrevo.sng.sk\/wp-content\/uploads\/sites\/3\/2025\/06\/P1_SLIDE3-240x300.png\" itemprop=\"thumbnail\" alt=\"\" \/>\n\t\t\t\t\t\t\t<\/a>\n\t\t\t\t\t\t\t\t\t\t\t\t\t\t<figcaption class=\"photoswipe-gallery-caption\" style=\" \"><\/figcaption>\n\n\t\t\t\t\t\t<\/figure>\n\t\t\t\t\t\t\t\t\t\t<figure class=\"msnry_items\" itemscope itemtype=\"http:\/\/schema.org\/ImageObject\" style=\"width:150px;\">\n\t\t\t\t\t\t\t<a href=\"https:\/\/umeleckecrevo.sng.sk\/wp-content\/uploads\/sites\/3\/2025\/06\/P1_SLIDE4-1800x2250.png\" itemprop=\"contentUrl\" data-size=\"1800x2250\" data-caption=\"\" style=\"height:175px;\">\n\t\t\t\t\t\t\t\t<img class=\"msnry_thumb\" src=\"https:\/\/umeleckecrevo.sng.sk\/wp-content\/uploads\/sites\/3\/2025\/06\/P1_SLIDE4-240x300.png\" itemprop=\"thumbnail\" alt=\"\" \/>\n\t\t\t\t\t\t\t<\/a>\n\t\t\t\t\t\t\t\t\t\t\t\t\t\t<figcaption class=\"photoswipe-gallery-caption\" style=\" \"><\/figcaption>\n\n\t\t\t\t\t\t<\/figure>\n\t\t\t\t\t\t\t\t\t\t<figure class=\"msnry_items\" itemscope itemtype=\"http:\/\/schema.org\/ImageObject\" style=\"width:150px;\">\n\t\t\t\t\t\t\t<a href=\"https:\/\/umeleckecrevo.sng.sk\/wp-content\/uploads\/sites\/3\/2025\/06\/P1_SLIDE5-1800x2250.png\" itemprop=\"contentUrl\" data-size=\"1800x2250\" data-caption=\"\" style=\"height:175px;\">\n\t\t\t\t\t\t\t\t<img class=\"msnry_thumb\" src=\"https:\/\/umeleckecrevo.sng.sk\/wp-content\/uploads\/sites\/3\/2025\/06\/P1_SLIDE5-240x300.png\" itemprop=\"thumbnail\" alt=\"\" \/>\n\t\t\t\t\t\t\t<\/a>\n\t\t\t\t\t\t\t\t\t\t\t\t\t\t<figcaption class=\"photoswipe-gallery-caption\" style=\" \"><\/figcaption>\n\n\t\t\t\t\t\t<\/figure>\n\t\t\t\t\t\t\t\t\t\t<figure class=\"msnry_items\" itemscope itemtype=\"http:\/\/schema.org\/ImageObject\" style=\"width:150px;\">\n\t\t\t\t\t\t\t<a href=\"https:\/\/umeleckecrevo.sng.sk\/wp-content\/uploads\/sites\/3\/2025\/06\/P1_SLIDE6-1800x2250.png\" itemprop=\"contentUrl\" data-size=\"1800x2250\" data-caption=\"\" style=\"height:175px;\">\n\t\t\t\t\t\t\t\t<img class=\"msnry_thumb\" src=\"https:\/\/umeleckecrevo.sng.sk\/wp-content\/uploads\/sites\/3\/2025\/06\/P1_SLIDE6-240x300.png\" itemprop=\"thumbnail\" alt=\"\" \/>\n\t\t\t\t\t\t\t<\/a>\n\t\t\t\t\t\t\t\t\t\t\t\t\t\t<figcaption class=\"photoswipe-gallery-caption\" style=\" \"><\/figcaption>\n\n\t\t\t\t\t\t<\/figure>\n\t\t\t\t\t\t\t\t\t\t<figure class=\"msnry_items\" itemscope itemtype=\"http:\/\/schema.org\/ImageObject\" style=\"width:150px;\">\n\t\t\t\t\t\t\t<a href=\"https:\/\/umeleckecrevo.sng.sk\/wp-content\/uploads\/sites\/3\/2025\/06\/P2_SLIDE2-1800x2250.png\" itemprop=\"contentUrl\" data-size=\"1800x2250\" data-caption=\"\" style=\"height:175px;\">\n\t\t\t\t\t\t\t\t<img class=\"msnry_thumb\" src=\"https:\/\/umeleckecrevo.sng.sk\/wp-content\/uploads\/sites\/3\/2025\/06\/P2_SLIDE2-240x300.png\" itemprop=\"thumbnail\" alt=\"\" \/>\n\t\t\t\t\t\t\t<\/a>\n\t\t\t\t\t\t\t\t\t\t\t\t\t\t<figcaption class=\"photoswipe-gallery-caption\" style=\" \"><\/figcaption>\n\n\t\t\t\t\t\t<\/figure>\n\t\t\t\t\t\t\t\t\t\t<figure class=\"msnry_items\" itemscope itemtype=\"http:\/\/schema.org\/ImageObject\" style=\"width:150px;\">\n\t\t\t\t\t\t\t<a href=\"https:\/\/umeleckecrevo.sng.sk\/wp-content\/uploads\/sites\/3\/2025\/06\/P2_SLIDE3-1800x2250.png\" itemprop=\"contentUrl\" data-size=\"1800x2250\" data-caption=\"\" style=\"height:175px;\">\n\t\t\t\t\t\t\t\t<img class=\"msnry_thumb\" src=\"https:\/\/umeleckecrevo.sng.sk\/wp-content\/uploads\/sites\/3\/2025\/06\/P2_SLIDE3-240x300.png\" itemprop=\"thumbnail\" alt=\"\" \/>\n\t\t\t\t\t\t\t<\/a>\n\t\t\t\t\t\t\t\t\t\t\t\t\t\t<figcaption class=\"photoswipe-gallery-caption\" style=\" \"><\/figcaption>\n\n\t\t\t\t\t\t<\/figure>\n\t\t\t\t\t\t\t\t\t\t<figure class=\"msnry_items\" itemscope itemtype=\"http:\/\/schema.org\/ImageObject\" style=\"width:150px;\">\n\t\t\t\t\t\t\t<a href=\"https:\/\/umeleckecrevo.sng.sk\/wp-content\/uploads\/sites\/3\/2025\/06\/P2_SLIDE4-1800x2250.png\" itemprop=\"contentUrl\" data-size=\"1800x2250\" data-caption=\"\" style=\"height:175px;\">\n\t\t\t\t\t\t\t\t<img class=\"msnry_thumb\" src=\"https:\/\/umeleckecrevo.sng.sk\/wp-content\/uploads\/sites\/3\/2025\/06\/P2_SLIDE4-240x300.png\" itemprop=\"thumbnail\" alt=\"\" \/>\n\t\t\t\t\t\t\t<\/a>\n\t\t\t\t\t\t\t\t\t\t\t\t\t\t<figcaption class=\"photoswipe-gallery-caption\" style=\" \"><\/figcaption>\n\n\t\t\t\t\t\t<\/figure>\n\t\t\t\t\t\t\t\t\t\t<figure class=\"msnry_items\" itemscope itemtype=\"http:\/\/schema.org\/ImageObject\" style=\"width:150px;\">\n\t\t\t\t\t\t\t<a href=\"https:\/\/umeleckecrevo.sng.sk\/wp-content\/uploads\/sites\/3\/2025\/06\/P2_SLIDE5-1800x2250.png\" itemprop=\"contentUrl\" data-size=\"1800x2250\" data-caption=\"\" style=\"height:175px;\">\n\t\t\t\t\t\t\t\t<img class=\"msnry_thumb\" src=\"https:\/\/umeleckecrevo.sng.sk\/wp-content\/uploads\/sites\/3\/2025\/06\/P2_SLIDE5-240x300.png\" itemprop=\"thumbnail\" alt=\"\" \/>\n\t\t\t\t\t\t\t<\/a>\n\t\t\t\t\t\t\t\t\t\t\t\t\t\t<figcaption class=\"photoswipe-gallery-caption\" style=\" \"><\/figcaption>\n\n\t\t\t\t\t\t<\/figure>\n\t\t\t\t\t\t\t\t\t\t<figure class=\"msnry_items\" itemscope itemtype=\"http:\/\/schema.org\/ImageObject\" style=\"width:150px;\">\n\t\t\t\t\t\t\t<a href=\"https:\/\/umeleckecrevo.sng.sk\/wp-content\/uploads\/sites\/3\/2025\/06\/P2_SLIDE6-1800x2250.png\" itemprop=\"contentUrl\" data-size=\"1800x2250\" data-caption=\"\" style=\"height:175px;\">\n\t\t\t\t\t\t\t\t<img class=\"msnry_thumb\" src=\"https:\/\/umeleckecrevo.sng.sk\/wp-content\/uploads\/sites\/3\/2025\/06\/P2_SLIDE6-240x300.png\" itemprop=\"thumbnail\" alt=\"\" \/>\n\t\t\t\t\t\t\t<\/a>\n\t\t\t\t\t\t\t\t\t\t\t\t\t\t<figcaption class=\"photoswipe-gallery-caption\" style=\" \"><\/figcaption>\n\n\t\t\t\t\t\t<\/figure>\n\t\t\t\t\t\t\t\t\t\t<figure class=\"msnry_items\" itemscope itemtype=\"http:\/\/schema.org\/ImageObject\" style=\"width:150px;\">\n\t\t\t\t\t\t\t<a href=\"https:\/\/umeleckecrevo.sng.sk\/wp-content\/uploads\/sites\/3\/2025\/06\/P3_SLIDE2-1800x2250.png\" itemprop=\"contentUrl\" data-size=\"1800x2250\" data-caption=\"\" style=\"height:175px;\">\n\t\t\t\t\t\t\t\t<img class=\"msnry_thumb\" src=\"https:\/\/umeleckecrevo.sng.sk\/wp-content\/uploads\/sites\/3\/2025\/06\/P3_SLIDE2-240x300.png\" itemprop=\"thumbnail\" alt=\"\" \/>\n\t\t\t\t\t\t\t<\/a>\n\t\t\t\t\t\t\t\t\t\t\t\t\t\t<figcaption class=\"photoswipe-gallery-caption\" style=\" \"><\/figcaption>\n\n\t\t\t\t\t\t<\/figure>\n\t\t\t\t\t\t\t\t\t\t<figure class=\"msnry_items\" itemscope itemtype=\"http:\/\/schema.org\/ImageObject\" style=\"width:150px;\">\n\t\t\t\t\t\t\t<a href=\"https:\/\/umeleckecrevo.sng.sk\/wp-content\/uploads\/sites\/3\/2025\/06\/P3_SLIDE3-1800x2250.png\" itemprop=\"contentUrl\" data-size=\"1800x2250\" data-caption=\"\" style=\"height:175px;\">\n\t\t\t\t\t\t\t\t<img class=\"msnry_thumb\" src=\"https:\/\/umeleckecrevo.sng.sk\/wp-content\/uploads\/sites\/3\/2025\/06\/P3_SLIDE3-240x300.png\" itemprop=\"thumbnail\" alt=\"\" \/>\n\t\t\t\t\t\t\t<\/a>\n\t\t\t\t\t\t\t\t\t\t\t\t\t\t<figcaption class=\"photoswipe-gallery-caption\" style=\" \"><\/figcaption>\n\n\t\t\t\t\t\t<\/figure>\n\t\t\t\t\t\t\t\t\t\t<figure class=\"msnry_items\" itemscope itemtype=\"http:\/\/schema.org\/ImageObject\" style=\"width:150px;\">\n\t\t\t\t\t\t\t<a href=\"https:\/\/umeleckecrevo.sng.sk\/wp-content\/uploads\/sites\/3\/2025\/06\/P3_SLIDE4-1800x2250.png\" itemprop=\"contentUrl\" data-size=\"1800x2250\" data-caption=\"\" style=\"height:175px;\">\n\t\t\t\t\t\t\t\t<img class=\"msnry_thumb\" src=\"https:\/\/umeleckecrevo.sng.sk\/wp-content\/uploads\/sites\/3\/2025\/06\/P3_SLIDE4-240x300.png\" itemprop=\"thumbnail\" alt=\"\" \/>\n\t\t\t\t\t\t\t<\/a>\n\t\t\t\t\t\t\t\t\t\t\t\t\t\t<figcaption class=\"photoswipe-gallery-caption\" style=\" \"><\/figcaption>\n\n\t\t\t\t\t\t<\/figure>\n\t\t\t\t\t\t\t\t\t\t<figure class=\"msnry_items\" itemscope itemtype=\"http:\/\/schema.org\/ImageObject\" style=\"width:150px;\">\n\t\t\t\t\t\t\t<a href=\"https:\/\/umeleckecrevo.sng.sk\/wp-content\/uploads\/sites\/3\/2025\/06\/P3_SLIDE5-1800x2250.png\" itemprop=\"contentUrl\" data-size=\"1800x2250\" data-caption=\"\" style=\"height:175px;\">\n\t\t\t\t\t\t\t\t<img class=\"msnry_thumb\" src=\"https:\/\/umeleckecrevo.sng.sk\/wp-content\/uploads\/sites\/3\/2025\/06\/P3_SLIDE5-240x300.png\" itemprop=\"thumbnail\" alt=\"\" \/>\n\t\t\t\t\t\t\t<\/a>\n\t\t\t\t\t\t\t\t\t\t\t\t\t\t<figcaption class=\"photoswipe-gallery-caption\" style=\" \"><\/figcaption>\n\n\t\t\t\t\t\t<\/figure>\n\t\t\t\t\t\t\t<\/div>\n\t\t<\/div>\n\t\t<div style='clear:both'><\/div>\n\n","protected":false},"excerpt":{"rendered":"<p>S \u010crevom sa pomali\u010dky l\u00fa\u010dime aj spom\u00ednan\u00edm s \u010dlenmi a \u010dlenkami v\u00ed\u0165azn\u00fdch t\u00edmov po\u010das 9. rokov fungovania vzdel\u00e1vacej platformy. Sme rady, \u017ee zanechalo stopu!<\/p>\n","protected":false},"author":4,"featured_media":0,"parent":0,"menu_order":0,"comment_status":"closed","ping_status":"closed","template":"","meta":[],"acf":[],"_links":{"self":[{"href":"https:\/\/umeleckecrevo.sng.sk\/index.php?rest_route=\/wp\/v2\/pages\/3212"}],"collection":[{"href":"https:\/\/umeleckecrevo.sng.sk\/index.php?rest_route=\/wp\/v2\/pages"}],"about":[{"href":"https:\/\/umeleckecrevo.sng.sk\/index.php?rest_route=\/wp\/v2\/types\/page"}],"author":[{"embeddable":true,"href":"https:\/\/umeleckecrevo.sng.sk\/index.php?rest_route=\/wp\/v2\/users\/4"}],"replies":[{"embeddable":true,"href":"https:\/\/umeleckecrevo.sng.sk\/index.php?rest_route=%2Fwp%2Fv2%2Fcomments&post=3212"}],"version-history":[{"count":2,"href":"https:\/\/umeleckecrevo.sng.sk\/index.php?rest_route=\/wp\/v2\/pages\/3212\/revisions"}],"predecessor-version":[{"id":3234,"href":"https:\/\/umeleckecrevo.sng.sk\/index.php?rest_route=\/wp\/v2\/pages\/3212\/revisions\/3234"}],"wp:attachment":[{"href":"https:\/\/umeleckecrevo.sng.sk\/index.php?rest_route=%2Fwp%2Fv2%2Fmedia&parent=3212"}],"curies":[{"name":"wp","href":"https:\/\/api.w.org\/{rel}","templated":true}]}}